{"id":27,"date":"2023-02-12T00:34:54","date_gmt":"2023-02-12T03:34:54","guid":{"rendered":"https:\/\/agwebsolutions.com.br\/?page_id=27"},"modified":"2023-02-13T18:23:37","modified_gmt":"2023-02-13T21:23:37","slug":"empresa","status":"publish","type":"page","link":"https:\/\/agwebsolutions.com.br\/index.php\/empresa\/","title":{"rendered":"Empresa"},"content":{"rendered":"\t\t<div data-elementor-type=\"wp-page\" data-elementor-id=\"27\" class=\"elementor elementor-27\" data-elementor-settings=\"[]\">\n\t\t\t\t\t\t\t<div class=\"elementor-section-wrap\">\n\t\t\t\t\t\t\t<section class=\"has_eae_slider elementor-section elementor-top-section elementor-element elementor-element-ddd3aa9 elementor-section-boxed elementor-section-height-default elementor-section-height-default\" data-id=\"ddd3aa9\" data-element_type=\"section\" data-settings=\"{&quot;background_background&quot;:&quot;classic&quot;}\">\n\t\t\t\t\t\t<div class=\"elementor-container elementor-column-gap-default\">\n\t\t\t\t\t<div class=\"has_eae_slider elementor-column elementor-col-50 elementor-top-column elementor-element elementor-element-22882f8\" data-id=\"22882f8\" data-element_type=\"column\">\n\t\t\t<div class=\"elementor-widget-wrap elementor-element-populated\">\n\t\t\t\t\t\t\t\t<div class=\"elementor-element elementor-element-3bcde8c elementor-widget elementor-widget-image\" data-id=\"3bcde8c\" data-element_type=\"widget\" data-widget_type=\"image.default\">\n\t\t\t\t<div class=\"elementor-widget-container\">\n\t\t\t<style>\/*! elementor - v3.5.5 - 03-02-2022 *\/\n.elementor-widget-image{text-align:center}.elementor-widget-image a{display:inline-block}.elementor-widget-image a img[src$=\".svg\"]{width:48px}.elementor-widget-image img{vertical-align:middle;display:inline-block}<\/style>\t\t\t\t\t\t\t\t\t\t\t\t<img loading=\"lazy\" decoding=\"async\" width=\"172\" height=\"219\" src=\"https:\/\/agwebsolutions.com.br\/wp-content\/uploads\/2023\/02\/ag-icon-2.jpg\" class=\"elementor-animation-pulse-grow attachment-large size-large\" alt=\"\" \/>\t\t\t\t\t\t\t\t\t\t\t\t\t\t\t<\/div>\n\t\t\t\t<\/div>\n\t\t\t\t\t<\/div>\n\t\t<\/div>\n\t\t\t\t<div class=\"has_eae_slider elementor-column elementor-col-50 elementor-top-column elementor-element elementor-element-a0006bf\" data-id=\"a0006bf\" data-element_type=\"column\">\n\t\t\t<div class=\"elementor-widget-wrap elementor-element-populated\">\n\t\t\t\t\t\t\t\t<div class=\"elementor-element elementor-element-161b501 elementor-widget elementor-widget-heading\" data-id=\"161b501\" data-element_type=\"widget\" data-widget_type=\"heading.default\">\n\t\t\t\t<div class=\"elementor-widget-container\">\n\t\t\t<style>\/*! elementor - v3.5.5 - 03-02-2022 *\/\n.elementor-heading-title{padding:0;margin:0;line-height:1}.elementor-widget-heading .elementor-heading-title[class*=elementor-size-]>a{color:inherit;font-size:inherit;line-height:inherit}.elementor-widget-heading .elementor-heading-title.elementor-size-small{font-size:15px}.elementor-widget-heading .elementor-heading-title.elementor-size-medium{font-size:19px}.elementor-widget-heading .elementor-heading-title.elementor-size-large{font-size:29px}.elementor-widget-heading .elementor-heading-title.elementor-size-xl{font-size:39px}.elementor-widget-heading .elementor-heading-title.elementor-size-xxl{font-size:59px}<\/style><h2 class=\"elementor-heading-title elementor-size-default\">A&G Web Solutions<\/h2>\t\t<\/div>\n\t\t\t\t<\/div>\n\t\t\t\t\t<\/div>\n\t\t<\/div>\n\t\t\t\t\t\t\t<\/div>\n\t\t<\/section>\n\t\t\t\t<section class=\"has_eae_slider elementor-section elementor-top-section elementor-element elementor-element-9d52788 elementor-section-boxed elementor-section-height-default elementor-section-height-default\" data-id=\"9d52788\" data-element_type=\"section\" data-settings=\"{&quot;background_background&quot;:&quot;classic&quot;}\">\n\t\t\t\t\t\t<div class=\"elementor-container elementor-column-gap-default\">\n\t\t\t\t\t<div class=\"has_eae_slider elementor-column elementor-col-100 elementor-top-column elementor-element elementor-element-0ba80f1\" data-id=\"0ba80f1\" data-element_type=\"column\">\n\t\t\t<div class=\"elementor-widget-wrap elementor-element-populated\">\n\t\t\t\t\t\t\t\t<div class=\"elementor-element elementor-element-cfd1fec elementor-widget elementor-widget-text-editor\" data-id=\"cfd1fec\" data-element_type=\"widget\" data-widget_type=\"text-editor.default\">\n\t\t\t\t<div class=\"elementor-widget-container\">\n\t\t\t<style>\/*! elementor - v3.5.5 - 03-02-2022 *\/\n.elementor-widget-text-editor.elementor-drop-cap-view-stacked .elementor-drop-cap{background-color:#818a91;color:#fff}.elementor-widget-text-editor.elementor-drop-cap-view-framed .elementor-drop-cap{color:#818a91;border:3px solid;background-color:transparent}.elementor-widget-text-editor:not(.elementor-drop-cap-view-default) .elementor-drop-cap{margin-top:8px}.elementor-widget-text-editor:not(.elementor-drop-cap-view-default) .elementor-drop-cap-letter{width:1em;height:1em}.elementor-widget-text-editor .elementor-drop-cap{float:left;text-align:center;line-height:1;font-size:50px}.elementor-widget-text-editor .elementor-drop-cap-letter{display:inline-block}<\/style>\t\t\t\t<p>Fundada em 2004 por Andre S. Vidal, a fun\u00e7\u00e3o da A&amp;G Web Solutions \u00e9 sobre encontrar a melhor solu\u00e7\u00e3o para o e-business do cliente. Isso quer dizer ter a m\u00e3o as ferramentas necess\u00e1rias para transformar digitalmente seu neg\u00f3cio e saber qual e quando us\u00e1-las, sempre com a melhor rela\u00e7\u00e3o custo X benef\u00edcio no menor tempo para o cliente. Dizemos que A&amp;G Web Solutions economiza tempo e dinheiro para seus clientes. Isso porque, por ser focada exclusivamente em plataformas digitais, entrega um projeto mais rapidamente para o cliente (portanto, a um menor custo).\u00a0<\/p>\t\t\t\t\t\t<\/div>\n\t\t\t\t<\/div>\n\t\t\t\t\t<\/div>\n\t\t<\/div>\n\t\t\t\t\t\t\t<\/div>\n\t\t<\/section>\n\t\t\t\t<section class=\"has_eae_slider elementor-section elementor-top-section elementor-element elementor-element-19837d2 elementor-section-boxed elementor-section-height-default elementor-section-height-default\" data-id=\"19837d2\" data-element_type=\"section\" data-settings=\"{&quot;background_background&quot;:&quot;classic&quot;}\">\n\t\t\t\t\t\t<div class=\"elementor-container elementor-column-gap-default\">\n\t\t\t\t\t<div class=\"has_eae_slider elementor-column elementor-col-100 elementor-top-column elementor-element elementor-element-4e4cb2b\" data-id=\"4e4cb2b\" data-element_type=\"column\">\n\t\t\t<div class=\"elementor-widget-wrap elementor-element-populated\">\n\t\t\t\t\t\t\t\t<div class=\"elementor-element elementor-element-8b29b02 elementor-widget elementor-widget-heading\" data-id=\"8b29b02\" data-element_type=\"widget\" data-widget_type=\"heading.default\">\n\t\t\t\t<div class=\"elementor-widget-container\">\n\t\t\t<h2 class=\"elementor-heading-title elementor-size-default\">Nossa Miss\u00e3o<\/h2>\t\t<\/div>\n\t\t\t\t<\/div>\n\t\t\t\t\t<\/div>\n\t\t<\/div>\n\t\t\t\t\t\t\t<\/div>\n\t\t<\/section>\n\t\t\t\t<section class=\"has_eae_slider elementor-section elementor-top-section elementor-element elementor-element-0f9a1b8 elementor-section-boxed elementor-section-height-default elementor-section-height-default\" data-id=\"0f9a1b8\" data-element_type=\"section\" data-settings=\"{&quot;background_background&quot;:&quot;classic&quot;}\">\n\t\t\t\t\t\t<div class=\"elementor-container elementor-column-gap-default\">\n\t\t\t\t\t<div class=\"has_eae_slider elementor-column elementor-col-100 elementor-top-column elementor-element elementor-element-ded774e\" data-id=\"ded774e\" data-element_type=\"column\">\n\t\t\t<div class=\"elementor-widget-wrap elementor-element-populated\">\n\t\t\t\t\t\t\t\t<div class=\"elementor-element elementor-element-9cc89fb elementor-widget elementor-widget-text-editor\" data-id=\"9cc89fb\" data-element_type=\"widget\" data-widget_type=\"text-editor.default\">\n\t\t\t\t<div class=\"elementor-widget-container\">\n\t\t\t\t\t\t\t<p>Trabalhar estrategicamente com e para as corpora\u00e7\u00f5es, auxiliando-as a transformar digitalmente seus neg\u00f3cios, ou seja, entender, traduzir, antecipar, criar e maximizar as oportunidades competitivas proporcionadas pelas novas tecnologias e plataformas digitais de comunica\u00e7\u00e3o, transa\u00e7\u00e3o e desenvolvimento, definindo e construindo o futuro de seus neg\u00f3cios, oferecendo-lhes de maneira integrada as disciplinas, recursos, experi\u00eancias e capital intelectual necess\u00e1rios para tal.<\/p>\t\t\t\t\t\t<\/div>\n\t\t\t\t<\/div>\n\t\t\t\t\t<\/div>\n\t\t<\/div>\n\t\t\t\t\t\t\t<\/div>\n\t\t<\/section>\n\t\t\t\t<section class=\"has_eae_slider elementor-section elementor-top-section elementor-element elementor-element-9ee24a9 elementor-section-boxed elementor-section-height-default elementor-section-height-default\" data-id=\"9ee24a9\" data-element_type=\"section\" data-settings=\"{&quot;background_background&quot;:&quot;classic&quot;}\">\n\t\t\t\t\t\t<div class=\"elementor-container elementor-column-gap-no\">\n\t\t\t\t\t<div class=\"has_eae_slider elementor-column elementor-col-100 elementor-top-column elementor-element elementor-element-0d0c1e6\" data-id=\"0d0c1e6\" data-element_type=\"column\">\n\t\t\t<div class=\"elementor-widget-wrap elementor-element-populated\">\n\t\t\t\t\t\t\t\t<div class=\"elementor-element elementor-element-b4da3ba elementor-widget elementor-widget-image\" data-id=\"b4da3ba\" data-element_type=\"widget\" data-widget_type=\"image.default\">\n\t\t\t\t<div class=\"elementor-widget-container\">\n\t\t\t\t\t\t\t\t\t\t\t\t\t\t\t<img loading=\"lazy\" decoding=\"async\" width=\"778\" height=\"438\" src=\"https:\/\/agwebsolutions.com.br\/wp-content\/uploads\/2023\/02\/empresaimg.jpg\" class=\"attachment-full size-full\" alt=\"\" srcset=\"https:\/\/agwebsolutions.com.br\/wp-content\/uploads\/2023\/02\/empresaimg.jpg 778w, https:\/\/agwebsolutions.com.br\/wp-content\/uploads\/2023\/02\/empresaimg-300x169.jpg 300w, https:\/\/agwebsolutions.com.br\/wp-content\/uploads\/2023\/02\/empresaimg-768x432.jpg 768w\" sizes=\"(max-width: 778px) 100vw, 778px\" \/>\t\t\t\t\t\t\t\t\t\t\t\t\t\t\t<\/div>\n\t\t\t\t<\/div>\n\t\t\t\t\t<\/div>\n\t\t<\/div>\n\t\t\t\t\t\t\t<\/div>\n\t\t<\/section>\n\t\t\t\t<section class=\"has_eae_slider elementor-section elementor-top-section elementor-element elementor-element-e520caf elementor-section-boxed elementor-section-height-default elementor-section-height-default\" data-id=\"e520caf\" data-element_type=\"section\" data-settings=\"{&quot;background_background&quot;:&quot;classic&quot;}\">\n\t\t\t\t\t\t<div class=\"elementor-container elementor-column-gap-default\">\n\t\t\t\t\t<div class=\"has_eae_slider elementor-column elementor-col-100 elementor-top-column elementor-element elementor-element-035a745\" data-id=\"035a745\" data-element_type=\"column\">\n\t\t\t<div class=\"elementor-widget-wrap elementor-element-populated\">\n\t\t\t\t\t\t\t\t<div class=\"elementor-element elementor-element-a556b28 elementor-widget elementor-widget-heading\" data-id=\"a556b28\" data-element_type=\"widget\" data-widget_type=\"heading.default\">\n\t\t\t\t<div class=\"elementor-widget-container\">\n\t\t\t<h2 class=\"elementor-heading-title elementor-size-default\">Design e Tecnologia<\/h2>\t\t<\/div>\n\t\t\t\t<\/div>\n\t\t\t\t\t<\/div>\n\t\t<\/div>\n\t\t\t\t\t\t\t<\/div>\n\t\t<\/section>\n\t\t\t\t<section class=\"has_eae_slider elementor-section elementor-top-section elementor-element elementor-element-20c08b7 elementor-section-boxed elementor-section-height-default elementor-section-height-default\" data-id=\"20c08b7\" data-element_type=\"section\" data-settings=\"{&quot;background_background&quot;:&quot;classic&quot;}\">\n\t\t\t\t\t\t<div class=\"elementor-container elementor-column-gap-default\">\n\t\t\t\t\t<div class=\"has_eae_slider elementor-column elementor-col-100 elementor-top-column elementor-element elementor-element-c0f6288\" data-id=\"c0f6288\" data-element_type=\"column\">\n\t\t\t<div class=\"elementor-widget-wrap elementor-element-populated\">\n\t\t\t\t\t\t\t\t<div class=\"elementor-element elementor-element-db9bc47 elementor-widget elementor-widget-text-editor\" data-id=\"db9bc47\" data-element_type=\"widget\" data-widget_type=\"text-editor.default\">\n\t\t\t\t<div class=\"elementor-widget-container\">\n\t\t\t\t\t\t\t<p>Cria\u00e7\u00e3o, concep\u00e7\u00e3o e desenvolvimento do design do projeto buscando sempre o equil\u00edbrio atrav\u00e9s de t\u00e9cnicas visuais, que fazem a diferen\u00e7a na identidade visual de um projeto de sucesso. Web masters, programadores, admin de banco de dados que desenvolvem e aplicam os recursos tecnol\u00f3gicos necess\u00e1rios para o projeto, integrando-se com o departamento de cria\u00e7\u00e3o e setor de Marketing Digital.<\/p>\t\t\t\t\t\t<\/div>\n\t\t\t\t<\/div>\n\t\t\t\t\t<\/div>\n\t\t<\/div>\n\t\t\t\t\t\t\t<\/div>\n\t\t<\/section>\n\t\t\t\t<section class=\"has_eae_slider elementor-section elementor-top-section elementor-element elementor-element-2b64bbf elementor-section-boxed elementor-section-height-default elementor-section-height-default\" data-id=\"2b64bbf\" data-element_type=\"section\" data-settings=\"{&quot;background_background&quot;:&quot;classic&quot;}\">\n\t\t\t\t\t\t<div class=\"elementor-container elementor-column-gap-default\">\n\t\t\t\t\t<div class=\"has_eae_slider elementor-column elementor-col-100 elementor-top-column elementor-element elementor-element-ce36d1a\" data-id=\"ce36d1a\" data-element_type=\"column\">\n\t\t\t<div class=\"elementor-widget-wrap elementor-element-populated\">\n\t\t\t\t\t\t\t\t<div class=\"elementor-element elementor-element-1dbdc3b elementor-widget elementor-widget-image\" data-id=\"1dbdc3b\" data-element_type=\"widget\" data-widget_type=\"image.default\">\n\t\t\t\t<div class=\"elementor-widget-container\">\n\t\t\t\t\t\t\t\t\t\t\t\t\t\t\t<img loading=\"lazy\" decoding=\"async\" width=\"800\" height=\"320\" src=\"https:\/\/agwebsolutions.com.br\/wp-content\/uploads\/2023\/02\/logos-software-e-redes-sociais.jpg\" class=\"attachment-large size-large\" alt=\"\" srcset=\"https:\/\/agwebsolutions.com.br\/wp-content\/uploads\/2023\/02\/logos-software-e-redes-sociais.jpg 1000w, https:\/\/agwebsolutions.com.br\/wp-content\/uploads\/2023\/02\/logos-software-e-redes-sociais-300x120.jpg 300w, https:\/\/agwebsolutions.com.br\/wp-content\/uploads\/2023\/02\/logos-software-e-redes-sociais-768x307.jpg 768w\" sizes=\"(max-width: 800px) 100vw, 800px\" \/>\t\t\t\t\t\t\t\t\t\t\t\t\t\t\t<\/div>\n\t\t\t\t<\/div>\n\t\t\t\t\t<\/div>\n\t\t<\/div>\n\t\t\t\t\t\t\t<\/div>\n\t\t<\/section>\n\t\t\t\t\t\t<\/div>\n\t\t\t\t\t<\/div>\n\t\t","protected":false},"excerpt":{"rendered":"<p>A&#038;G Web Solutions Fundada em 2004 por Andre S. Vidal, a fun\u00e7\u00e3o da A&amp;G Web Solutions \u00e9 sobre encontrar a melhor solu\u00e7\u00e3o para o e-business do cliente. Isso quer dizer ter a m\u00e3o as ferramentas necess\u00e1rias para transformar digitalmente seu neg\u00f3cio e saber qual e quando us\u00e1-las, sempre com a melhor rela\u00e7\u00e3o custo X benef\u00edcio [&hellip;]<\/p>\n","protected":false},"author":1,"featured_media":0,"parent":0,"menu_order":0,"comment_status":"closed","ping_status":"closed","template":"elementor_header_footer","meta":{"footnotes":""},"yoast_head":"<!-- This site is optimized with the Yoast SEO plugin v20.2 - https:\/\/yoast.com\/wordpress\/plugins\/seo\/ -->\n<title>Empresa - A&amp;G Web Solutions<\/title>\n<meta name=\"robots\" content=\"index, follow, max-snippet:-1, max-image-preview:large, max-video-preview:-1\" \/>\n<link rel=\"canonical\" href=\"https:\/\/agwebsolutions.com.br\/index.php\/empresa\/\" \/>\n<meta property=\"og:locale\" content=\"pt_BR\" \/>\n<meta property=\"og:type\" content=\"article\" \/>\n<meta property=\"og:title\" content=\"Empresa - A&amp;G Web Solutions\" \/>\n<meta property=\"og:description\" content=\"A&#038;G Web Solutions Fundada em 2004 por Andre S. Vidal, a fun\u00e7\u00e3o da A&amp;G Web Solutions \u00e9 sobre encontrar a melhor solu\u00e7\u00e3o para o e-business do cliente. Isso quer dizer ter a m\u00e3o as ferramentas necess\u00e1rias para transformar digitalmente seu neg\u00f3cio e saber qual e quando us\u00e1-las, sempre com a melhor rela\u00e7\u00e3o custo X benef\u00edcio [&hellip;]\" \/>\n<meta property=\"og:url\" content=\"https:\/\/agwebsolutions.com.br\/index.php\/empresa\/\" \/>\n<meta property=\"og:site_name\" content=\"A&amp;G Web Solutions\" \/>\n<meta property=\"article:publisher\" content=\"https:\/\/www.facebook.com\/profile.php?id=100069122593930\" \/>\n<meta property=\"article:modified_time\" content=\"2023-02-13T21:23:37+00:00\" \/>\n<meta property=\"og:image\" content=\"https:\/\/agwebsolutions.com.br\/wp-content\/uploads\/2023\/02\/ag-icon-2.jpg\" \/>\n<meta name=\"twitter:card\" content=\"summary_large_image\" \/>\n<meta name=\"twitter:label1\" content=\"Est. reading time\" \/>\n\t<meta name=\"twitter:data1\" content=\"1 minuto\" \/>\n<script type=\"application\/ld+json\" class=\"yoast-schema-graph\">{\"@context\":\"https:\/\/schema.org\",\"@graph\":[{\"@type\":\"WebPage\",\"@id\":\"https:\/\/agwebsolutions.com.br\/index.php\/empresa\/\",\"url\":\"https:\/\/agwebsolutions.com.br\/index.php\/empresa\/\",\"name\":\"Empresa - A&amp;G Web Solutions\",\"isPartOf\":{\"@id\":\"https:\/\/agwebsolutions.com.br\/#website\"},\"datePublished\":\"2023-02-12T03:34:54+00:00\",\"dateModified\":\"2023-02-13T21:23:37+00:00\",\"breadcrumb\":{\"@id\":\"https:\/\/agwebsolutions.com.br\/index.php\/empresa\/#breadcrumb\"},\"inLanguage\":\"pt-BR\",\"potentialAction\":[{\"@type\":\"ReadAction\",\"target\":[\"https:\/\/agwebsolutions.com.br\/index.php\/empresa\/\"]}]},{\"@type\":\"BreadcrumbList\",\"@id\":\"https:\/\/agwebsolutions.com.br\/index.php\/empresa\/#breadcrumb\",\"itemListElement\":[{\"@type\":\"ListItem\",\"position\":1,\"name\":\"Home\",\"item\":\"https:\/\/agwebsolutions.com.br\/\"},{\"@type\":\"ListItem\",\"position\":2,\"name\":\"Empresa\"}]},{\"@type\":\"WebSite\",\"@id\":\"https:\/\/agwebsolutions.com.br\/#website\",\"url\":\"https:\/\/agwebsolutions.com.br\/\",\"name\":\"A&amp;G Web Solutions\",\"description\":\"A&amp;G Web Solutions\",\"publisher\":{\"@id\":\"https:\/\/agwebsolutions.com.br\/#organization\"},\"potentialAction\":[{\"@type\":\"SearchAction\",\"target\":{\"@type\":\"EntryPoint\",\"urlTemplate\":\"https:\/\/agwebsolutions.com.br\/?s={search_term_string}\"},\"query-input\":\"required name=search_term_string\"}],\"inLanguage\":\"pt-BR\"},{\"@type\":\"Organization\",\"@id\":\"https:\/\/agwebsolutions.com.br\/#organization\",\"name\":\"A&amp;G Web Solutions\",\"url\":\"https:\/\/agwebsolutions.com.br\/\",\"logo\":{\"@type\":\"ImageObject\",\"inLanguage\":\"pt-BR\",\"@id\":\"https:\/\/agwebsolutions.com.br\/#\/schema\/logo\/image\/\",\"url\":\"https:\/\/agwebsolutions.com.br\/wp-content\/uploads\/2023\/02\/AG-Web-Solutions-Logo.png\",\"contentUrl\":\"https:\/\/agwebsolutions.com.br\/wp-content\/uploads\/2023\/02\/AG-Web-Solutions-Logo.png\",\"width\":800,\"height\":309,\"caption\":\"A&amp;G Web Solutions\"},\"image\":{\"@id\":\"https:\/\/agwebsolutions.com.br\/#\/schema\/logo\/image\/\"},\"sameAs\":[\"https:\/\/www.facebook.com\/profile.php?id=100069122593930\",\"https:\/\/www.instagram.com\/agwebsolutions\/\"]}]}<\/script>\n<!-- \/ Yoast SEO plugin. -->","yoast_head_json":{"title":"Empresa - A&amp;G Web Solutions","robots":{"index":"index","follow":"follow","max-snippet":"max-snippet:-1","max-image-preview":"max-image-preview:large","max-video-preview":"max-video-preview:-1"},"canonical":"https:\/\/agwebsolutions.com.br\/index.php\/empresa\/","og_locale":"pt_BR","og_type":"article","og_title":"Empresa - A&amp;G Web Solutions","og_description":"A&#038;G Web Solutions Fundada em 2004 por Andre S. Vidal, a fun\u00e7\u00e3o da A&amp;G Web Solutions \u00e9 sobre encontrar a melhor solu\u00e7\u00e3o para o e-business do cliente. Isso quer dizer ter a m\u00e3o as ferramentas necess\u00e1rias para transformar digitalmente seu neg\u00f3cio e saber qual e quando us\u00e1-las, sempre com a melhor rela\u00e7\u00e3o custo X benef\u00edcio [&hellip;]","og_url":"https:\/\/agwebsolutions.com.br\/index.php\/empresa\/","og_site_name":"A&amp;G Web Solutions","article_publisher":"https:\/\/www.facebook.com\/profile.php?id=100069122593930","article_modified_time":"2023-02-13T21:23:37+00:00","og_image":[{"url":"https:\/\/agwebsolutions.com.br\/wp-content\/uploads\/2023\/02\/ag-icon-2.jpg"}],"twitter_card":"summary_large_image","twitter_misc":{"Est. reading time":"1 minuto"},"schema":{"@context":"https:\/\/schema.org","@graph":[{"@type":"WebPage","@id":"https:\/\/agwebsolutions.com.br\/index.php\/empresa\/","url":"https:\/\/agwebsolutions.com.br\/index.php\/empresa\/","name":"Empresa - A&amp;G Web Solutions","isPartOf":{"@id":"https:\/\/agwebsolutions.com.br\/#website"},"datePublished":"2023-02-12T03:34:54+00:00","dateModified":"2023-02-13T21:23:37+00:00","breadcrumb":{"@id":"https:\/\/agwebsolutions.com.br\/index.php\/empresa\/#breadcrumb"},"inLanguage":"pt-BR","potentialAction":[{"@type":"ReadAction","target":["https:\/\/agwebsolutions.com.br\/index.php\/empresa\/"]}]},{"@type":"BreadcrumbList","@id":"https:\/\/agwebsolutions.com.br\/index.php\/empresa\/#breadcrumb","itemListElement":[{"@type":"ListItem","position":1,"name":"Home","item":"https:\/\/agwebsolutions.com.br\/"},{"@type":"ListItem","position":2,"name":"Empresa"}]},{"@type":"WebSite","@id":"https:\/\/agwebsolutions.com.br\/#website","url":"https:\/\/agwebsolutions.com.br\/","name":"A&amp;G Web Solutions","description":"A&amp;G Web Solutions","publisher":{"@id":"https:\/\/agwebsolutions.com.br\/#organization"},"potentialAction":[{"@type":"SearchAction","target":{"@type":"EntryPoint","urlTemplate":"https:\/\/agwebsolutions.com.br\/?s={search_term_string}"},"query-input":"required name=search_term_string"}],"inLanguage":"pt-BR"},{"@type":"Organization","@id":"https:\/\/agwebsolutions.com.br\/#organization","name":"A&amp;G Web Solutions","url":"https:\/\/agwebsolutions.com.br\/","logo":{"@type":"ImageObject","inLanguage":"pt-BR","@id":"https:\/\/agwebsolutions.com.br\/#\/schema\/logo\/image\/","url":"https:\/\/agwebsolutions.com.br\/wp-content\/uploads\/2023\/02\/AG-Web-Solutions-Logo.png","contentUrl":"https:\/\/agwebsolutions.com.br\/wp-content\/uploads\/2023\/02\/AG-Web-Solutions-Logo.png","width":800,"height":309,"caption":"A&amp;G Web Solutions"},"image":{"@id":"https:\/\/agwebsolutions.com.br\/#\/schema\/logo\/image\/"},"sameAs":["https:\/\/www.facebook.com\/profile.php?id=100069122593930","https:\/\/www.instagram.com\/agwebsolutions\/"]}]}},"_links":{"self":[{"href":"https:\/\/agwebsolutions.com.br\/index.php\/wp-json\/wp\/v2\/pages\/27"}],"collection":[{"href":"https:\/\/agwebsolutions.com.br\/index.php\/wp-json\/wp\/v2\/pages"}],"about":[{"href":"https:\/\/agwebsolutions.com.br\/index.php\/wp-json\/wp\/v2\/types\/page"}],"author":[{"embeddable":true,"href":"https:\/\/agwebsolutions.com.br\/index.php\/wp-json\/wp\/v2\/users\/1"}],"replies":[{"embeddable":true,"href":"https:\/\/agwebsolutions.com.br\/index.php\/wp-json\/wp\/v2\/comments?post=27"}],"version-history":[{"count":7,"href":"https:\/\/agwebsolutions.com.br\/index.php\/wp-json\/wp\/v2\/pages\/27\/revisions"}],"predecessor-version":[{"id":126,"href":"https:\/\/agwebsolutions.com.br\/index.php\/wp-json\/wp\/v2\/pages\/27\/revisions\/126"}],"wp:attachment":[{"href":"https:\/\/agwebsolutions.com.br\/index.php\/wp-json\/wp\/v2\/media?parent=27"}],"curies":[{"name":"wp","href":"https:\/\/api.w.org\/{rel}","templated":true}]}}